{"id":377,"date":"2024-02-24T18:24:36","date_gmt":"2024-02-24T18:24:36","guid":{"rendered":"https:\/\/munitaxisco.gob.gt\/portal\/?page_id=377"},"modified":"2024-11-26T21:28:55","modified_gmt":"2024-11-26T21:28:55","slug":"acceso-en-linea","status":"publish","type":"page","link":"https:\/\/munitaxisco.gob.gt\/portal\/acceso-en-linea\/","title":{"rendered":"Acceso en Linea"},"content":{"rendered":"<section class=\"wpb-content-wrapper\">[vc_row][vc_column]\n<div class=\"wpcf7 no-js\" id=\"wpcf7-f376-o1\" lang=\"es-ES\" dir=\"ltr\" data-wpcf7-id=\"376\">\n<div class=\"screen-reader-response\"><p role=\"status\" aria-live=\"polite\" aria-atomic=\"true\"><\/p> <ul><\/ul><\/div>\n<form action=\"\/portal\/wp-json\/wp\/v2\/pages\/377#wpcf7-f376-o1\" method=\"post\" class=\"wpcf7-form init\" aria-label=\"Formulario de contacto\" novalidate=\"novalidate\" data-status=\"init\">\n<fieldset class=\"hidden-fields-container\"><input type=\"hidden\" name=\"_wpcf7\" value=\"376\" \/><input type=\"hidden\" name=\"_wpcf7_version\" value=\"6.1.5\" \/><input type=\"hidden\" name=\"_wpcf7_locale\" value=\"es_ES\" \/><input type=\"hidden\" name=\"_wpcf7_unit_tag\" value=\"wpcf7-f376-o1\" \/><input type=\"hidden\" name=\"_wpcf7_container_post\" value=\"0\" \/><input type=\"hidden\" name=\"_wpcf7_posted_data_hash\" value=\"\" \/>\n<\/fieldset>\n<style>\n \/* General Styles *\/\n body.custom-body {\n margin: 0;\n padding: 0;\n background-color: #f7f7f7; \/* Fondo claro *\/\n font-family: Arial, sans-serif;\n display: flex;\n justify-content: center;\n align-items: center;\n min-height: 100vh;\n }\n\n .custom-container {\n background: #ffffff; \/* Fondo blanco *\/\n padding: 2rem;\n border-radius: 8px;\n box-shadow: 0 4px 10px rgba(0, 0, 0, 0.1);\n max-width: 600px;\n width: 100%;\n }\n\n .heading {\n text-align: center;\n margin-bottom: 1.5rem;\n font-size: 1.8rem;\n color: #333;\n }\n\n .input-group {\n margin-bottom: 1rem;\n }\n\n .input-group label {\n display: block;\n font-weight: bold;\n margin-bottom: 0.5rem;\n color: #555;\n }\n\n .input-group input,\n .input-group textarea {\n width: 100%;\n padding: 0.75rem;\n border: 1px solid #ddd;\n border-radius: 4px;\n font-size: 1rem;\n box-sizing: border-box;\n }\n\n .input-group textarea {\n resize: none;\n height: 120px;\n }\n\n .footer-text {\n margin-top: 1rem;\n font-size: 0.9rem;\n color: #666;\n }\n\n .terms-list {\n margin-top: 0.5rem;\n padding-left: 1.5rem;\n list-style-type: disc;\n color: #666;\n }\n\n .terms-list li {\n margin-bottom: 0.5rem;\n }\n\n .submit-button {\n display: inline-block;\n width: 100%;\n padding: 0.75rem;\n background-color: #007BFF; \/* Azul moderno *\/\n color: #fff;\n border: none;\n border-radius: 4px;\n font-size: 1rem;\n cursor: pointer;\n text-align: center;\n transition: background-color 0.3s ease;\n }\n\n .submit-button:hover {\n background-color: #0056b3; \/* Azul m\u00e1s oscuro *\/\n }\n\n .input-group label input[type=\"checkbox\"] {\n margin-right: 0.5rem;\n }\n<\/style>\n<body class=\"custom-body\">\n\t<div class=\"custom-container\">\n\t\t<h2 class=\"heading\">Formulario de Solicitud\n\t\t<\/h2>\n\t\t<div class=\"input-group\">\n\t\t\t<p><label for=\"your-name\">Nombre Completo<\/label><br \/>\n<input type=\"text\" name=\"your-name\" id=\"your-name\" required \/>\n\t\t\t<\/p>\n\t\t<\/div>\n\t\t<div class=\"input-group\">\n\t\t\t<p><label for=\"your-dpi\">DPI<\/label><br \/>\n<input type=\"text\" name=\"your-dpi\" id=\"your-dpi\" required \/>\n\t\t\t<\/p>\n\t\t<\/div>\n\t\t<div class=\"input-group\">\n\t\t\t<p><label for=\"your-profesion\">Profesi\u00f3n<\/label><br \/>\n<input type=\"text\" name=\"your-profesion\" id=\"your-profesion\" required \/>\n\t\t\t<\/p>\n\t\t<\/div>\n\t\t<div class=\"input-group\">\n\t\t\t<p><label for=\"your-tel\">TEL\u00c9FONO<\/label><br \/>\n<input type=\"tel\" name=\"your-tel\" id=\"your-tel\" required \/>\n\t\t\t<\/p>\n\t\t<\/div>\n\t\t<div class=\"input-group\">\n\t\t\t<p><label for=\"your-email\">Tu correo electr\u00f3nico<\/label><br \/>\n<input type=\"email\" name=\"your-email\" id=\"your-email\" required \/>\n\t\t\t<\/p>\n\t\t<\/div>\n\t\t<div class=\"input-group\">\n\t\t\t<p><label for=\"your-subject\">Asunto<\/label><br \/>\n<input type=\"text\" name=\"your-subject\" id=\"your-subject\" required \/>\n\t\t\t<\/p>\n\t\t<\/div>\n\t\t<div class=\"input-group\">\n\t\t\t<p><label for=\"your-message\">DETALLE DE LA SOLICITUD<\/label><br \/>\n<textarea name=\"your-message\" id=\"your-message\" required><\/textarea>\n\t\t\t<\/p>\n\t\t<\/div>\n\t\t<p class=\"footer-text\">T\u00e9rminos y Condiciones: Ley de Acceso a la Informaci\u00f3n\n\t\t<\/p>\n\t\t<ul class=\"terms-list\">\n\t\t\t<li>\n\t\t\t\t<p>El plazo para entregar la informaci\u00f3n es de diez d\u00edas h\u00e1biles, pudiendo extenderse diez d\u00edas m\u00e1s.\n\t\t\t\t<\/p>\n\t\t\t<\/li>\n\t\t\t<li>\n\t\t\t\t<p>Si se dispone de la informaci\u00f3n en formato electr\u00f3nico, se entregar\u00e1 de esta manera. El interesado deber\u00e1 proporcionar el medio de almacenamiento (CD, DVD, USB).\n\t\t\t\t<\/p>\n\t\t\t<\/li>\n\t\t<\/ul>\n\t\t<div class=\"input-group\">\n\t\t\t<p><label><br \/>\n<input type=\"checkbox\" name=\"acceptance\" required \/> Acepto los T\u00e9rminos y Condiciones<br \/>\n<\/label>\n\t\t\t<\/p>\n\t\t<\/div>\n\t\t<p><input type=\"submit\" class=\"submit-button\" value=\"Enviar\" \/>\n\t\t<\/p>\n\t<\/div>\n<\/body><div class=\"wpcf7-response-output\" aria-hidden=\"true\"><\/div>\n<\/form>\n<\/div>\n[\/vc_column][\/vc_row]\n<\/section>","protected":false},"excerpt":{"rendered":"<p>[vc_row][vc_column][\/vc_column][\/vc_row]<\/p>\n","protected":false},"author":1,"featured_media":0,"parent":0,"menu_order":0,"comment_status":"closed","ping_status":"closed","template":"","meta":{"footnotes":""},"class_list":["post-377","page","type-page","status-publish","hentry","entry","no-media"],"_links":{"self":[{"href":"https:\/\/munitaxisco.gob.gt\/portal\/wp-json\/wp\/v2\/pages\/377","targetHints":{"allow":["GET"]}}],"collection":[{"href":"https:\/\/munitaxisco.gob.gt\/portal\/wp-json\/wp\/v2\/pages"}],"about":[{"href":"https:\/\/munitaxisco.gob.gt\/portal\/wp-json\/wp\/v2\/types\/page"}],"author":[{"embeddable":true,"href":"https:\/\/munitaxisco.gob.gt\/portal\/wp-json\/wp\/v2\/users\/1"}],"replies":[{"embeddable":true,"href":"https:\/\/munitaxisco.gob.gt\/portal\/wp-json\/wp\/v2\/comments?post=377"}],"version-history":[{"count":12,"href":"https:\/\/munitaxisco.gob.gt\/portal\/wp-json\/wp\/v2\/pages\/377\/revisions"}],"predecessor-version":[{"id":962,"href":"https:\/\/munitaxisco.gob.gt\/portal\/wp-json\/wp\/v2\/pages\/377\/revisions\/962"}],"wp:attachment":[{"href":"https:\/\/munitaxisco.gob.gt\/portal\/wp-json\/wp\/v2\/media?parent=377"}],"curies":[{"name":"wp","href":"https:\/\/api.w.org\/{rel}","templated":true}]}}